{"id":239835,"date":"2025-03-28T15:45:57","date_gmt":"2025-03-28T15:45:57","guid":{"rendered":"https:\/\/www.leshangrila.be\/?page_id=239835"},"modified":"2026-04-07T11:35:46","modified_gmt":"2026-04-07T11:35:46","slug":"traiteur","status":"publish","type":"page","link":"https:\/\/www.leshangrila.be\/en\/traiteur\/","title":{"rendered":"Catering"},"content":{"rendered":"<p>[et_pb_section fb_built=\u00a0\u00bb1&Prime; _builder_version=\u00a0\u00bb4.27.4&Prime; _module_preset=\u00a0\u00bbdefault\u00a0\u00bb global_colors_info=\u00a0\u00bb{}\u00a0\u00bb][et_pb_row _builder_version=\u00a0\u00bb4.27.4&Prime; _module_preset=\u00a0\u00bbdefault\u00a0\u00bb global_colors_info=\u00a0\u00bb{}\u00a0\u00bb][et_pb_column type=\u00a0\u00bb4_4&Prime; _builder_version=\u00a0\u00bb4.27.4&Prime; _module_preset=\u00a0\u00bbdefault\u00a0\u00bb global_colors_info=\u00a0\u00bb{}\u00a0\u00bb][et_pb_text _builder_version=\u00a0\u00bb4.27.4&Prime; _module_preset=\u00a0\u00bbdefault\u00a0\u00bb text_text_color=\u00a0\u00bb#2f4755&Prime; header_font=\u00a0\u00bb|700|||||||\u00a0\u00bb header_text_align=\u00a0\u00bbcenter\u00a0\u00bb header_text_color=\u00a0\u00bb#000000&Prime; header_font_size=\u00a0\u00bb54px\u00a0\u00bb global_colors_info=\u00a0\u00bb{}\u00a0\u00bb]<\/p>\n<h1><span data-metadata=\"&lt;!--(figmeta)eyJmaWxlS2V5IjoieG5OTGhHM0lNeEdmV2l6cHY3TTNKMSIsInBhc3RlSUQiOjE0MDg2NTU4ODIsImRhdGFUeXBlIjoic2NlbmUifQo=(\/figmeta)--&gt;\"><\/span><span>Le service \u00e0 emporter<\/span><\/h1>\n<h1><span>et livraison disponible<\/span><span><\/span><span><\/span><\/h1>\n<p>[\/et_pb_text][et_pb_text _builder_version=\u00a0\u00bb4.27.4&Prime; _module_preset=\u00a0\u00bbdefault\u00a0\u00bb text_font=\u00a0\u00bb|700|||||||\u00a0\u00bb text_text_color=\u00a0\u00bb#8b0000&Prime; text_font_size=\u00a0\u00bb16px\u00a0\u00bb text_orientation=\u00a0\u00bbcenter\u00a0\u00bb global_colors_info=\u00a0\u00bb{}\u00a0\u00bb]<\/p>\n<p>Shangri-La est situ\u00e9 \u00e0 Haccourt, dans la province de Li\u00e8ge.<br \/>Toutes les r\u00e9servations ainsi que les commandes \u00e0 emporter ou en livraison concernent exclusivement ce restaurant.<br \/>Merci de v\u00e9rifier que vous nous contactez bien pour l\u2019\u00e9tablissement de Haccourt et non un autre restaurant \u00e0 une adresse diff\u00e9rente.<\/p>\n<p>[\/et_pb_text][\/et_pb_column][\/et_pb_row][\/et_pb_section][et_pb_section fb_built=\u00a0\u00bb1&Prime; _builder_version=\u00a0\u00bb4.27.4&Prime; _module_preset=\u00a0\u00bbdefault\u00a0\u00bb custom_padding=\u00a0\u00bb0px||||false|false\u00a0\u00bb global_colors_info=\u00a0\u00bb{}\u00a0\u00bb][et_pb_row column_structure=\u00a0\u00bb1_2,1_2&Prime; use_custom_gutter=\u00a0\u00bbon\u00a0\u00bb gutter_width=\u00a0\u00bb1&Prime; _builder_version=\u00a0\u00bb4.27.4&Prime; _module_preset=\u00a0\u00bbdefault\u00a0\u00bb custom_padding=\u00a0\u00bb0px||||false|false\u00a0\u00bb global_colors_info=\u00a0\u00bb{}\u00a0\u00bb][et_pb_column type=\u00a0\u00bb1_2&Prime; _builder_version=\u00a0\u00bb4.27.4&Prime; _module_preset=\u00a0\u00bbdefault\u00a0\u00bb global_colors_info=\u00a0\u00bb{}\u00a0\u00bb][et_pb_image src=\u00a0\u00bbhttps:\/\/www.leshangrila.be\/wp-content\/uploads\/2026\/04\/carte-emporter-04.2026_compressed-scaled.webp\u00a0\u00bb title_text=\u00a0\u00bbcarte emporter 04.2026_compressed\u00a0\u00bb _builder_version=\u00a0\u00bb4.27.4&Prime; _module_preset=\u00a0\u00bbdefault\u00a0\u00bb hover_enabled=\u00a0\u00bb0&Prime; border_radii=\u00a0\u00bbon|20px|20px|20px|20px\u00a0\u00bb border_color_all=\u00a0\u00bb#000000&Prime; global_colors_info=\u00a0\u00bb{}\u00a0\u00bb sticky_enabled=\u00a0\u00bb0&Prime;][\/et_pb_image][\/et_pb_column][et_pb_column type=\u00a0\u00bb1_2&Prime; _builder_version=\u00a0\u00bb4.27.4&Prime; _module_preset=\u00a0\u00bbdefault\u00a0\u00bb global_colors_info=\u00a0\u00bb{}\u00a0\u00bb][et_pb_image src=\u00a0\u00bbhttps:\/\/www.leshangrila.be\/wp-content\/uploads\/2026\/04\/carte-emporter-04.2026-PDF-2_compressed-scaled.webp\u00a0\u00bb title_text=\u00a0\u00bbcarte emporter 04.2026 PDF 2_compressed\u00a0\u00bb _builder_version=\u00a0\u00bb4.27.4&Prime; _module_preset=\u00a0\u00bbdefault\u00a0\u00bb hover_enabled=\u00a0\u00bb0&Prime; border_radii=\u00a0\u00bbon|20px|20px|20px|20px\u00a0\u00bb border_color_all=\u00a0\u00bb#000000&Prime; global_colors_info=\u00a0\u00bb{}\u00a0\u00bb sticky_enabled=\u00a0\u00bb0&Prime;][\/et_pb_image][\/et_pb_column][\/et_pb_row][\/et_pb_section]<\/p>\n","protected":false},"excerpt":{"rendered":"<p>Le service \u00e0 emporter et livraison disponibleShangri-La est situ\u00e9 \u00e0 Haccourt, dans la province de Li\u00e8ge.Toutes les r\u00e9servations ainsi que les commandes \u00e0 emporter ou en livraison concernent exclusivement ce restaurant.Merci de v\u00e9rifier que vous nous contactez bien pour l\u2019\u00e9tablissement de Haccourt et non un autre restaurant \u00e0 une adresse diff\u00e9rente.<\/p>","protected":false},"author":1,"featured_media":0,"parent":0,"menu_order":0,"comment_status":"closed","ping_status":"closed","template":"","meta":{"_et_pb_use_builder":"on","_et_pb_old_content":"","_et_gb_content_width":"","footnotes":""},"class_list":["post-239835","page","type-page","status-publish","hentry"],"_links":{"self":[{"href":"https:\/\/www.leshangrila.be\/en\/wp-json\/wp\/v2\/pages\/239835","targetHints":{"allow":["GET"]}}],"collection":[{"href":"https:\/\/www.leshangrila.be\/en\/wp-json\/wp\/v2\/pages"}],"about":[{"href":"https:\/\/www.leshangrila.be\/en\/wp-json\/wp\/v2\/types\/page"}],"author":[{"embeddable":true,"href":"https:\/\/www.leshangrila.be\/en\/wp-json\/wp\/v2\/users\/1"}],"replies":[{"embeddable":true,"href":"https:\/\/www.leshangrila.be\/en\/wp-json\/wp\/v2\/comments?post=239835"}],"version-history":[{"count":12,"href":"https:\/\/www.leshangrila.be\/en\/wp-json\/wp\/v2\/pages\/239835\/revisions"}],"predecessor-version":[{"id":240088,"href":"https:\/\/www.leshangrila.be\/en\/wp-json\/wp\/v2\/pages\/239835\/revisions\/240088"}],"wp:attachment":[{"href":"https:\/\/www.leshangrila.be\/en\/wp-json\/wp\/v2\/media?parent=239835"}],"curies":[{"name":"wp","href":"https:\/\/api.w.org\/{rel}","templated":true}]}}